{"id":14071,"date":"2026-04-12T09:17:32","date_gmt":"2026-04-12T09:17:32","guid":{"rendered":"https:\/\/shopvault.shop\/?post_type=product&#038;p=14071"},"modified":"2026-04-12T09:22:37","modified_gmt":"2026-04-12T09:22:37","slug":"tivira-womens-floral-lace-mesh-lingerie-set-teddy-babydoll-bodysuit-with-garter-belts-valentines-day-christmas-gift-minimalist-nightgown-sleepwear","status":"publish","type":"product","link":"https:\/\/shopvault.shop\/es\/producto\/tivira-womens-floral-lace-mesh-lingerie-set-teddy-babydoll-bodysuit-with-garter-belts-valentines-day-christmas-gift-minimalist-nightgown-sleepwear\/","title":{"rendered":"Tivira Conjunto de lencer\u00eda de encaje floral para mujer Body de peluche con liguero para San Valent\u00edn Regalo de Navidad Camis\u00f3n minimalista Ropa de dormir"},"content":{"rendered":"<div data-elementor-type=\"product-post\" data-elementor-id=\"14071\" class=\"elementor elementor-14071\" data-elementor-post-type=\"product\">\n\t\t\t\t<div class=\"elementor-element elementor-element-28e9af49 e-flex e-con-boxed e-con e-parent\" data-id=\"28e9af49\" data-element_type=\"container\" data-settings=\"{&quot;ekit_has_onepagescroll_dot&quot;:&quot;yes&quot;}\">\n\t\t\t\t\t<div class=\"e-con-inner\">\n\t\t<div class=\"elementor-element elementor-element-632f4509 e-con-full e-flex e-con e-child\" data-id=\"632f4509\" data-element_type=\"container\" data-settings=\"{&quot;ekit_has_onepagescroll_dot&quot;:&quot;yes&quot;}\">\n\t\t<div class=\"elementor-element elementor-element-22ea3144 e-grid e-con-full e-con e-child\" data-id=\"22ea3144\" data-element_type=\"container\" data-settings=\"{&quot;ekit_has_onepagescroll_dot&quot;:&quot;yes&quot;}\">\n\t\t\t\t<div class=\"elementor-element elementor-element-15bb725b elementor-widget elementor-widget-video\" data-id=\"15bb725b\" data-element_type=\"widget\" data-settings=\"{&quot;video_type&quot;:&quot;hosted&quot;,&quot;controls&quot;:&quot;yes&quot;,&quot;ekit_we_effect_on&quot;:&quot;none&quot;}\" data-widget_type=\"video.default\">\n\t\t\t\t<div class=\"elementor-widget-container\">\n\t\t\t\t\t\t\t<div class=\"e-hosted-video elementor-wrapper elementor-open-inline\">\n\t\t\t\t\t<video class=\"elementor-video\" src=\"https:\/\/shopvault.shop\/wp-content\/uploads\/2026\/04\/27.mp4\" controls=\"\" preload=\"metadata\" controlslist=\"nodownload\"><\/video>\n\t\t\t\t<\/div>\n\t\t\t\t\t\t<\/div>\n\t\t\t\t<\/div>\n\t\t\t\t<div class=\"elementor-element elementor-element-3ee570b elementor-widget elementor-widget-text-editor\" data-id=\"3ee570b\" data-element_type=\"widget\" data-settings=\"{&quot;ekit_we_effect_on&quot;:&quot;none&quot;}\" data-widget_type=\"text-editor.default\">\n\t\t\t\t<div class=\"elementor-widget-container\">\n\t\t\t\t\t\t\t\t\t<!DOCTYPE html>\n<html lang=\"en\">\n<head>\n<meta charset=\"UTF-8\">\n<meta name=\"viewport\" content=\"width=device-width, initial-scale=1.0\">\n<title>Product Details<\/title>\n<style>\n  * {\n    margin: 0;\n    padding: 0;\n    box-sizing: border-box;\n  }\n  body {\n    background: transparent;\n    font-family: 'Inter', 'Segoe UI', system-ui, sans-serif;\n  }\n  .spec-table {\n    width: 100%;\n    border-collapse: collapse;\n    font-size: 14px;\n    line-height: 1.8;\n  }\n  .spec-table tr {\n    border-bottom: 1px solid #e6eef7;\n  }\n  .spec-table td:nth-child(1),\n  .spec-table td:nth-child(3) {\n    width: 20%;\n    font-weight: 500;\n    color: #2d70b3;\n    background: #f5f9ff;\n    padding: 12px 14px;\n    text-align: left;\n    vertical-align: top;\n  }\n  .spec-table td:nth-child(2),\n  .spec-table td:nth-child(4) {\n    width: 30%;\n    color: #333;\n    background: #fff;\n    padding: 12px 14px;\n    text-align: left;\n    vertical-align: top;\n  }\n<\/style>\n<\/head>\n<body>\n\n<table class=\"spec-table\">\n  <tr>\n    <td>Marca<\/td>\n    <td>Tivira<\/td>\n    <td>Producto<\/td>\n    <td>Conjunto de lencer\u00eda femenina<\/td>\n  <\/tr>\n  <tr>\n    <td>Material<\/td>\n    <td>Malla de encaje floral<\/td>\n    <td>Estilo<\/td>\n    <td>Body Teddy Babydoll<\/td>\n  <\/tr>\n  <tr>\n    <td>Caracter\u00edstica<\/td>\n    <td>Con liguero<\/td>\n    <td>Dise\u00f1o<\/td>\n    <td>Camis\u00f3n minimalista<\/td>\n  <\/tr>\n  <tr>\n    <td>Utilizaci\u00f3n<\/td>\n    <td>Ropa de dormir<\/td>\n    <td>Ocasi\u00f3n<\/td>\n    <td>Regalo de San Valent\u00edn y Navidad<\/td>\n  <\/tr>\n<\/table>\n\n<\/body>\n<\/html>\t\t\t\t\t\t\t\t<\/div>\n\t\t\t\t<\/div>\n\t\t\t\t<\/div>\n\t\t\t\t<\/div>\n\t\t\t\t<div class=\"elementor-element elementor-element-19ca5a5e elementor-widget elementor-widget-image\" data-id=\"19ca5a5e\" data-element_type=\"widget\" data-settings=\"{&quot;ekit_we_effect_on&quot;:&quot;none&quot;}\" data-widget_type=\"image.default\">\n\t\t\t\t<div class=\"elementor-widget-container\">\n\t\t\t\t\t\t\t\t\t\t\t\t\t\t\t<img loading=\"lazy\" decoding=\"async\" width=\"798\" height=\"327\" src=\"https:\/\/shopvault.shop\/wp-content\/uploads\/2026\/04\/8809571025cc40a0942e3f1cf238a70ctplv-fhlh96nyum-origin-jpeg.jpg\" class=\"attachment-full size-full wp-image-14096\" alt=\"\" srcset=\"https:\/\/shopvault.shop\/wp-content\/uploads\/2026\/04\/8809571025cc40a0942e3f1cf238a70ctplv-fhlh96nyum-origin-jpeg.jpg 798w, https:\/\/shopvault.shop\/wp-content\/uploads\/2026\/04\/8809571025cc40a0942e3f1cf238a70ctplv-fhlh96nyum-origin-jpeg-300x123.jpg 300w, https:\/\/shopvault.shop\/wp-content\/uploads\/2026\/04\/8809571025cc40a0942e3f1cf238a70ctplv-fhlh96nyum-origin-jpeg-768x315.jpg 768w, https:\/\/shopvault.shop\/wp-content\/uploads\/2026\/04\/8809571025cc40a0942e3f1cf238a70ctplv-fhlh96nyum-origin-jpeg-18x7.jpg 18w, https:\/\/shopvault.shop\/wp-content\/uploads\/2026\/04\/8809571025cc40a0942e3f1cf238a70ctplv-fhlh96nyum-origin-jpeg-600x246.jpg 600w, https:\/\/shopvault.shop\/wp-content\/uploads\/2026\/04\/8809571025cc40a0942e3f1cf238a70ctplv-fhlh96nyum-origin-jpeg-1x1.jpg 1w, https:\/\/shopvault.shop\/wp-content\/uploads\/2026\/04\/8809571025cc40a0942e3f1cf238a70ctplv-fhlh96nyum-origin-jpeg-10x4.jpg 10w\" sizes=\"auto, (max-width: 798px) 100vw, 798px\" \/>\t\t\t\t\t\t\t\t\t\t\t\t\t\t\t<\/div>\n\t\t\t\t<\/div>\n\t\t\t\t\t<\/div>\n\t\t\t\t<\/div>\n\t\t<div class=\"elementor-element elementor-element-41a9dce e-flex e-con-boxed e-con e-parent\" data-id=\"41a9dce\" data-element_type=\"container\" data-settings=\"{&quot;ekit_has_onepagescroll_dot&quot;:&quot;yes&quot;}\">\n\t\t\t\t\t<div class=\"e-con-inner\">\n\t\t\t\t<div class=\"elementor-element elementor-element-21cdbd3e elementor-widget elementor-widget-text-editor\" data-id=\"21cdbd3e\" data-element_type=\"widget\" data-settings=\"{&quot;ekit_we_effect_on&quot;:&quot;none&quot;}\" data-widget_type=\"text-editor.default\">\n\t\t\t\t<div class=\"elementor-widget-container\">\n\t\t\t\t\t\t\t\t\t<p>Eleva tu ropa de noche con este conjunto de lencer\u00eda femenina de malla de encaje floral. Este conjunto incluye un body de peluche con liguero, perfecto para San Valent\u00edn o Navidad. La malla transparente y el dise\u00f1o de encaje floral a\u00f1aden un toque de elegancia. Nota: El tanga va por separado y no va sujeto.<\/p>\t\t\t\t\t\t\t\t<\/div>\n\t\t\t\t<\/div>\n\t\t\t\t<div class=\"elementor-element elementor-element-3aa7c093 elementor-widget elementor-widget-image\" data-id=\"3aa7c093\" data-element_type=\"widget\" data-settings=\"{&quot;ekit_we_effect_on&quot;:&quot;none&quot;}\" data-widget_type=\"image.default\">\n\t\t\t\t<div class=\"elementor-widget-container\">\n\t\t\t\t\t\t\t\t\t\t\t\t\t\t\t<img loading=\"lazy\" decoding=\"async\" width=\"1600\" height=\"806\" src=\"https:\/\/shopvault.shop\/wp-content\/uploads\/2026\/04\/f0424a850e674b76a2ff3e1b639d0a4etplv-fhlh96nyum-origin-jpeg-1-scaled-1.jpg\" class=\"attachment-full size-full wp-image-14097\" alt=\"\" srcset=\"https:\/\/shopvault.shop\/wp-content\/uploads\/2026\/04\/f0424a850e674b76a2ff3e1b639d0a4etplv-fhlh96nyum-origin-jpeg-1-scaled-1.jpg 1600w, https:\/\/shopvault.shop\/wp-content\/uploads\/2026\/04\/f0424a850e674b76a2ff3e1b639d0a4etplv-fhlh96nyum-origin-jpeg-1-scaled-1-300x151.jpg 300w, https:\/\/shopvault.shop\/wp-content\/uploads\/2026\/04\/f0424a850e674b76a2ff3e1b639d0a4etplv-fhlh96nyum-origin-jpeg-1-scaled-1-1024x516.jpg 1024w, https:\/\/shopvault.shop\/wp-content\/uploads\/2026\/04\/f0424a850e674b76a2ff3e1b639d0a4etplv-fhlh96nyum-origin-jpeg-1-scaled-1-768x387.jpg 768w, https:\/\/shopvault.shop\/wp-content\/uploads\/2026\/04\/f0424a850e674b76a2ff3e1b639d0a4etplv-fhlh96nyum-origin-jpeg-1-scaled-1-1536x774.jpg 1536w, https:\/\/shopvault.shop\/wp-content\/uploads\/2026\/04\/f0424a850e674b76a2ff3e1b639d0a4etplv-fhlh96nyum-origin-jpeg-1-scaled-1-18x9.jpg 18w, https:\/\/shopvault.shop\/wp-content\/uploads\/2026\/04\/f0424a850e674b76a2ff3e1b639d0a4etplv-fhlh96nyum-origin-jpeg-1-scaled-1-600x302.jpg 600w, https:\/\/shopvault.shop\/wp-content\/uploads\/2026\/04\/f0424a850e674b76a2ff3e1b639d0a4etplv-fhlh96nyum-origin-jpeg-1-scaled-1-1x1.jpg 1w, https:\/\/shopvault.shop\/wp-content\/uploads\/2026\/04\/f0424a850e674b76a2ff3e1b639d0a4etplv-fhlh96nyum-origin-jpeg-1-scaled-1-10x5.jpg 10w\" sizes=\"auto, (max-width: 1600px) 100vw, 1600px\" \/>\t\t\t\t\t\t\t\t\t\t\t\t\t\t\t<\/div>\n\t\t\t\t<\/div>\n\t\t\t\t\t<\/div>\n\t\t\t\t<\/div>\n\t\t<div class=\"elementor-element elementor-element-5fb54ec4 e-flex e-con-boxed e-con e-parent\" data-id=\"5fb54ec4\" data-element_type=\"container\" data-settings=\"{&quot;ekit_has_onepagescroll_dot&quot;:&quot;yes&quot;}\">\n\t\t\t\t\t<div class=\"e-con-inner\">\n\t\t\t\t<div class=\"elementor-element elementor-element-88d8ed9 elementor-position-left elementor-vertical-align-middle elementor-widget elementor-widget-image-box\" data-id=\"88d8ed9\" data-element_type=\"widget\" data-settings=\"{&quot;ekit_we_effect_on&quot;:&quot;none&quot;}\" data-widget_type=\"image-box.default\">\n\t\t\t\t<div class=\"elementor-widget-container\">\n\t\t\t\t\t<div class=\"elementor-image-box-wrapper\"><figure class=\"elementor-image-box-img\"><img loading=\"lazy\" decoding=\"async\" width=\"800\" height=\"800\" src=\"https:\/\/shopvault.shop\/wp-content\/uploads\/2026\/04\/a8dabd7e8e404aac929ae7dc73e043cetplv-fhlh96nyum-resize-webp_800_800-1.webp\" class=\"attachment-full size-full wp-image-14098\" alt=\"\" srcset=\"https:\/\/shopvault.shop\/wp-content\/uploads\/2026\/04\/a8dabd7e8e404aac929ae7dc73e043cetplv-fhlh96nyum-resize-webp_800_800-1.webp 800w, https:\/\/shopvault.shop\/wp-content\/uploads\/2026\/04\/a8dabd7e8e404aac929ae7dc73e043cetplv-fhlh96nyum-resize-webp_800_800-1-300x300.webp 300w, https:\/\/shopvault.shop\/wp-content\/uploads\/2026\/04\/a8dabd7e8e404aac929ae7dc73e043cetplv-fhlh96nyum-resize-webp_800_800-1-150x150.webp 150w, https:\/\/shopvault.shop\/wp-content\/uploads\/2026\/04\/a8dabd7e8e404aac929ae7dc73e043cetplv-fhlh96nyum-resize-webp_800_800-1-768x768.webp 768w, https:\/\/shopvault.shop\/wp-content\/uploads\/2026\/04\/a8dabd7e8e404aac929ae7dc73e043cetplv-fhlh96nyum-resize-webp_800_800-1-12x12.webp 12w, https:\/\/shopvault.shop\/wp-content\/uploads\/2026\/04\/a8dabd7e8e404aac929ae7dc73e043cetplv-fhlh96nyum-resize-webp_800_800-1-600x600.webp 600w, https:\/\/shopvault.shop\/wp-content\/uploads\/2026\/04\/a8dabd7e8e404aac929ae7dc73e043cetplv-fhlh96nyum-resize-webp_800_800-1-100x100.webp 100w, https:\/\/shopvault.shop\/wp-content\/uploads\/2026\/04\/a8dabd7e8e404aac929ae7dc73e043cetplv-fhlh96nyum-resize-webp_800_800-1-1x1.webp 1w, https:\/\/shopvault.shop\/wp-content\/uploads\/2026\/04\/a8dabd7e8e404aac929ae7dc73e043cetplv-fhlh96nyum-resize-webp_800_800-1-10x10.webp 10w\" sizes=\"auto, (max-width: 800px) 100vw, 800px\" \/><\/figure><div class=\"elementor-image-box-content\"><h3 class=\"elementor-image-box-title\">Tivira Body de Encaje Floral | Conjunto de Lencer\u00eda Rom\u00e1ntica con Liguero<\/h3><p class=\"elementor-image-box-description\">Exquisita malla de encaje floral, dise\u00f1o de picard\u00edas sin mangas con liguero a juego. Silueta ligera, suave y minimalista, perfecta para San Valent\u00edn, Navidad o noches \u00edntimas. Un regalo de ensue\u00f1o para ella.<\/p><\/div><\/div>\t\t\t\t<\/div>\n\t\t\t\t<\/div>\n\t\t\t\t<div class=\"elementor-element elementor-element-4010889e elementor-position-right elementor-vertical-align-middle elementor-widget elementor-widget-image-box\" data-id=\"4010889e\" data-element_type=\"widget\" data-settings=\"{&quot;ekit_we_effect_on&quot;:&quot;none&quot;}\" data-widget_type=\"image-box.default\">\n\t\t\t\t<div class=\"elementor-widget-container\">\n\t\t\t\t\t<div class=\"elementor-image-box-wrapper\"><figure class=\"elementor-image-box-img\"><img loading=\"lazy\" decoding=\"async\" width=\"601\" height=\"800\" src=\"https:\/\/shopvault.shop\/wp-content\/uploads\/2026\/04\/a2d0581835f84ea295a7abd3e5fc59f8tplv-fhlh96nyum-resize-webp_601_800-1.webp\" class=\"attachment-full size-full wp-image-14099\" alt=\"\" srcset=\"https:\/\/shopvault.shop\/wp-content\/uploads\/2026\/04\/a2d0581835f84ea295a7abd3e5fc59f8tplv-fhlh96nyum-resize-webp_601_800-1.webp 601w, https:\/\/shopvault.shop\/wp-content\/uploads\/2026\/04\/a2d0581835f84ea295a7abd3e5fc59f8tplv-fhlh96nyum-resize-webp_601_800-1-225x300.webp 225w, https:\/\/shopvault.shop\/wp-content\/uploads\/2026\/04\/a2d0581835f84ea295a7abd3e5fc59f8tplv-fhlh96nyum-resize-webp_601_800-1-9x12.webp 9w, https:\/\/shopvault.shop\/wp-content\/uploads\/2026\/04\/a2d0581835f84ea295a7abd3e5fc59f8tplv-fhlh96nyum-resize-webp_601_800-1-1x1.webp 1w, https:\/\/shopvault.shop\/wp-content\/uploads\/2026\/04\/a2d0581835f84ea295a7abd3e5fc59f8tplv-fhlh96nyum-resize-webp_601_800-1-8x10.webp 8w\" sizes=\"auto, (max-width: 601px) 100vw, 601px\" \/><\/figure><div class=\"elementor-image-box-content\"><h3 class=\"elementor-image-box-title\">Conjunto de lencer\u00eda de malla de encaje para mujer | Liguero Teddy Babydoll<\/h3><p class=\"elementor-image-box-description\">Sexy body ajustado de Tivira. Encaje floral transparente, delicada malla y tirantes ajustables. Confort para todas las estaciones, ropa de dormir minimalista y chic. Regalo rom\u00e1ntico ideal para vacaciones y momentos especiales.<\/p><\/div><\/div>\t\t\t\t<\/div>\n\t\t\t\t<\/div>\n\t\t\t\t<div class=\"elementor-element elementor-element-57120660 elementor-position-left elementor-vertical-align-middle elementor-widget elementor-widget-image-box\" data-id=\"57120660\" data-element_type=\"widget\" data-settings=\"{&quot;ekit_we_effect_on&quot;:&quot;none&quot;}\" data-widget_type=\"image-box.default\">\n\t\t\t\t<div class=\"elementor-widget-container\">\n\t\t\t\t\t<div class=\"elementor-image-box-wrapper\"><figure class=\"elementor-image-box-img\"><img loading=\"lazy\" decoding=\"async\" width=\"601\" height=\"800\" src=\"https:\/\/shopvault.shop\/wp-content\/uploads\/2026\/04\/50834a6894734e409c20a7d3f8867381tplv-fhlh96nyum-resize-webp_601_800-1.webp\" class=\"attachment-full size-full wp-image-14100\" alt=\"\" srcset=\"https:\/\/shopvault.shop\/wp-content\/uploads\/2026\/04\/50834a6894734e409c20a7d3f8867381tplv-fhlh96nyum-resize-webp_601_800-1.webp 601w, https:\/\/shopvault.shop\/wp-content\/uploads\/2026\/04\/50834a6894734e409c20a7d3f8867381tplv-fhlh96nyum-resize-webp_601_800-1-225x300.webp 225w, https:\/\/shopvault.shop\/wp-content\/uploads\/2026\/04\/50834a6894734e409c20a7d3f8867381tplv-fhlh96nyum-resize-webp_601_800-1-9x12.webp 9w, https:\/\/shopvault.shop\/wp-content\/uploads\/2026\/04\/50834a6894734e409c20a7d3f8867381tplv-fhlh96nyum-resize-webp_601_800-1-1x1.webp 1w, https:\/\/shopvault.shop\/wp-content\/uploads\/2026\/04\/50834a6894734e409c20a7d3f8867381tplv-fhlh96nyum-resize-webp_601_800-1-8x10.webp 8w\" sizes=\"auto, (max-width: 601px) 100vw, 601px\" \/><\/figure><div class=\"elementor-image-box-content\"><h3 class=\"elementor-image-box-title\">Tivira Camis\u00f3n de Encaje Minimalista | Lencer\u00eda Teddy con Liguero<\/h3><p class=\"elementor-image-box-description\">Elegante body de malla de encaje floral, corte babydoll cl\u00e1sico con liguero. Tejido ligero, sin mangas y favorecedor. Regalo atemporal para San Valent\u00edn, Navidad o aniversario.<\/p><\/div><\/div>\t\t\t\t<\/div>\n\t\t\t\t<\/div>\n\t\t\t\t<div class=\"elementor-element elementor-element-1ae48a9e elementor-position-right elementor-vertical-align-middle elementor-widget elementor-widget-image-box\" data-id=\"1ae48a9e\" data-element_type=\"widget\" data-settings=\"{&quot;ekit_we_effect_on&quot;:&quot;none&quot;}\" data-widget_type=\"image-box.default\">\n\t\t\t\t<div class=\"elementor-widget-container\">\n\t\t\t\t\t<div class=\"elementor-image-box-wrapper\"><figure class=\"elementor-image-box-img\"><img loading=\"lazy\" decoding=\"async\" width=\"800\" height=\"1066\" src=\"https:\/\/shopvault.shop\/wp-content\/uploads\/2026\/04\/57c4b4337ace4e67aaeedaf4f64a42eatplv-fhlh96nyum-resize-webp_800_1066-1.webp\" class=\"attachment-full size-full wp-image-14101\" alt=\"\" srcset=\"https:\/\/shopvault.shop\/wp-content\/uploads\/2026\/04\/57c4b4337ace4e67aaeedaf4f64a42eatplv-fhlh96nyum-resize-webp_800_1066-1.webp 800w, https:\/\/shopvault.shop\/wp-content\/uploads\/2026\/04\/57c4b4337ace4e67aaeedaf4f64a42eatplv-fhlh96nyum-resize-webp_800_1066-1-225x300.webp 225w, https:\/\/shopvault.shop\/wp-content\/uploads\/2026\/04\/57c4b4337ace4e67aaeedaf4f64a42eatplv-fhlh96nyum-resize-webp_800_1066-1-768x1023.webp 768w, https:\/\/shopvault.shop\/wp-content\/uploads\/2026\/04\/57c4b4337ace4e67aaeedaf4f64a42eatplv-fhlh96nyum-resize-webp_800_1066-1-9x12.webp 9w, https:\/\/shopvault.shop\/wp-content\/uploads\/2026\/04\/57c4b4337ace4e67aaeedaf4f64a42eatplv-fhlh96nyum-resize-webp_800_1066-1-600x800.webp 600w, https:\/\/shopvault.shop\/wp-content\/uploads\/2026\/04\/57c4b4337ace4e67aaeedaf4f64a42eatplv-fhlh96nyum-resize-webp_800_1066-1-1x1.webp 1w, https:\/\/shopvault.shop\/wp-content\/uploads\/2026\/04\/57c4b4337ace4e67aaeedaf4f64a42eatplv-fhlh96nyum-resize-webp_800_1066-1-8x10.webp 8w\" sizes=\"auto, (max-width: 800px) 100vw, 800px\" \/><\/figure><div class=\"elementor-image-box-content\"><h3 class=\"elementor-image-box-title\">Sexy Conjunto de lencer\u00eda de encaje floral | Liguero Teddy Sleepwear<\/h3><p class=\"elementor-image-box-description\">Picard\u00edas ajustado Tivira para mujer. Malla transparente, encaje floral rom\u00e1ntico, liguero a juego. Suave, transpirable y de estilo minimalista. Perfecto como regalo de Navidad o San Valent\u00edn.<\/p><\/div><\/div>\t\t\t\t<\/div>\n\t\t\t\t<\/div>\n\t\t\t\t\t<\/div>\n\t\t\t\t<\/div>\n\t\t<div class=\"elementor-element elementor-element-71f846bd e-flex e-con-boxed e-con e-parent\" data-id=\"71f846bd\" data-element_type=\"container\" data-settings=\"{&quot;ekit_has_onepagescroll_dot&quot;:&quot;yes&quot;}\">\n\t\t\t\t\t<div class=\"e-con-inner\">\n\t\t\t\t<div class=\"elementor-element elementor-element-42e0526e elementor-widget elementor-widget-text-editor\" data-id=\"42e0526e\" data-element_type=\"widget\" data-settings=\"{&quot;ekit_we_effect_on&quot;:&quot;none&quot;}\" data-widget_type=\"text-editor.default\">\n\t\t\t\t<div class=\"elementor-widget-container\">\n\t\t\t\t\t\t\t\t\t<h3>\ud83c\udf39 Conjunto de lencer\u00eda de malla de encaje floral Tivira.<\/h3><div>\u00a0<\/div><div>Disfruta de una elegancia atemporal con este conjunto de lencer\u00eda femenina Tivira, confeccionado en delicado encaje floral y suave malla. El tejido ligero y transparente crea un look rom\u00e1ntico y et\u00e9reo que abraza suavemente tus curvas y resalta tu belleza natural.<\/div><div>\u00a0<\/div><h3>\ud83c\udf80 Body de peluche todo en uno con ligueros<\/h3><div>\u00a0<\/div><div>Este elegante body de peluche viene con delicados ligueros para un acabado glamuroso y seductor. Su corte entallado y favorecedor combina comodidad y encanto, por lo que es perfecto para veladas memorables y momentos \u00edntimos especiales.<\/div><div>\u00a0<\/div><h3>\u2728 Camis\u00f3n para dormir minimalista y vers\u00e1til<\/h3><div>\u00a0<\/div><div>Dise\u00f1ado con una est\u00e9tica limpia y minimalista que equilibra sofisticaci\u00f3n y encanto. Puede llevarse como elegante prenda para dormir o como sensual camis\u00f3n, adecuado para veladas relajadas en casa u ocasiones rom\u00e1nticas.<\/div><div>\u00a0<\/div><h3>\ud83d\udc9d Regalo ideal para San Valent\u00edn y Navidad<\/h3><div>\u00a0<\/div><div>Un regalo cari\u00f1oso y atento para San Valent\u00edn, Navidad, aniversarios o cumplea\u00f1os. Bellamente dise\u00f1ado y de alta calidad, es una sorpresa sincera para celebrar la conexi\u00f3n, la confianza y el romance.<\/div>\t\t\t\t\t\t\t\t<\/div>\n\t\t\t\t<\/div>\n\t\t\t\t\t<\/div>\n\t\t\t\t<\/div>\n\t\t\t\t<\/div>","protected":false},"excerpt":{"rendered":"<p>https:\/\/shopvault.shop\/wp-content\/uploads\/2026\/04\/27.mp4 Product Details Brand Tivira Product Women&#8217;s Lingerie Set Material Floral Lace Mesh Style Teddy Babydoll Bodysuit Feature With Garter&#8230;<\/p>","protected":false},"featured_media":14088,"comment_status":"open","ping_status":"closed","template":"","meta":{"_acf_changed":false},"etheme_brands":[],"product_brand":[],"product_cat":[118],"product_tag":[],"class_list":{"0":"post-14071","1":"product","2":"type-product","3":"status-publish","4":"has-post-thumbnail","6":"product_cat-sale-shop","8":"first","9":"instock","10":"sale","11":"shipping-taxable","12":"purchasable","13":"product-type-variable","14":"has-default-attributes"},"acf":[],"_links":{"self":[{"href":"https:\/\/shopvault.shop\/es\/wp-json\/wp\/v2\/product\/14071","targetHints":{"allow":["GET"]}}],"collection":[{"href":"https:\/\/shopvault.shop\/es\/wp-json\/wp\/v2\/product"}],"about":[{"href":"https:\/\/shopvault.shop\/es\/wp-json\/wp\/v2\/types\/product"}],"replies":[{"embeddable":true,"href":"https:\/\/shopvault.shop\/es\/wp-json\/wp\/v2\/comments?post=14071"}],"version-history":[{"count":4,"href":"https:\/\/shopvault.shop\/es\/wp-json\/wp\/v2\/product\/14071\/revisions"}],"predecessor-version":[{"id":14107,"href":"https:\/\/shopvault.shop\/es\/wp-json\/wp\/v2\/product\/14071\/revisions\/14107"}],"wp:featuredmedia":[{"embeddable":true,"href":"https:\/\/shopvault.shop\/es\/wp-json\/wp\/v2\/media\/14088"}],"wp:attachment":[{"href":"https:\/\/shopvault.shop\/es\/wp-json\/wp\/v2\/media?parent=14071"}],"wp:term":[{"taxonomy":"brand","embeddable":true,"href":"https:\/\/shopvault.shop\/es\/wp-json\/wp\/v2\/etheme_brands?post=14071"},{"taxonomy":"product_brand","embeddable":true,"href":"https:\/\/shopvault.shop\/es\/wp-json\/wp\/v2\/product_brand?post=14071"},{"taxonomy":"product_cat","embeddable":true,"href":"https:\/\/shopvault.shop\/es\/wp-json\/wp\/v2\/product_cat?post=14071"},{"taxonomy":"product_tag","embeddable":true,"href":"https:\/\/shopvault.shop\/es\/wp-json\/wp\/v2\/product_tag?post=14071"}],"curies":[{"name":"wp","href":"https:\/\/api.w.org\/{rel}","templated":true}]}}